{"id":47,"date":"2026-01-07T12:52:34","date_gmt":"2026-01-07T12:52:34","guid":{"rendered":"https:\/\/bazarhongguan.rkinformatika.online\/?page_id=47"},"modified":"2026-01-08T10:43:22","modified_gmt":"2026-01-08T10:43:22","slug":"productos","status":"publish","type":"page","link":"https:\/\/bazarhongguan.es\/eu\/productos\/","title":{"rendered":"Produktuak"},"content":{"rendered":"<div data-elementor-type=\"wp-page\" data-elementor-id=\"47\" class=\"elementor elementor-47\" data-elementor-post-type=\"page\">\n\t\t\t\t<div class=\"elementor-element elementor-element-1084a13 e-flex e-con-boxed e-con e-parent\" data-id=\"1084a13\" data-element_type=\"container\" data-e-type=\"container\" data-settings=\"{&quot;background_background&quot;:&quot;classic&quot;}\">\n\t\t\t\t\t<div class=\"e-con-inner\">\n\t\t\t\t<div class=\"elementor-element elementor-element-221dcd9 elementor-widget elementor-widget-heading\" data-id=\"221dcd9\" data-element_type=\"widget\" data-e-type=\"widget\" data-widget_type=\"heading.default\">\n\t\t\t\t\t<h2 class=\"elementor-heading-title elementor-size-default\">Produktuak<\/h2>\t\t\t\t<\/div>\n\t\t\t\t\t<\/div>\n\t\t\t\t<\/div>\n\t\t<div class=\"elementor-element elementor-element-209ccf5 e-flex e-con-boxed e-con e-parent\" data-id=\"209ccf5\" data-element_type=\"container\" data-e-type=\"container\">\n\t\t\t\t\t<div class=\"e-con-inner\">\n\t\t<div class=\"elementor-element elementor-element-337f5df e-con-full e-flex e-con e-child\" data-id=\"337f5df\" data-element_type=\"container\" data-e-type=\"container\">\n\t\t\t\t<div class=\"elementor-element elementor-element-4fb4ab2 elementor-widget elementor-widget-heading\" data-id=\"4fb4ab2\" data-element_type=\"widget\" data-e-type=\"widget\" data-widget_type=\"heading.default\">\n\t\t\t\t\t<h2 class=\"elementor-heading-title elementor-size-default\">Art\u00edculos de moda<\/h2>\t\t\t\t<\/div>\n\t\t\t\t<div class=\"elementor-element elementor-element-f9faaeb elementor-widget elementor-widget-image\" data-id=\"f9faaeb\" data-element_type=\"widget\" data-e-type=\"widget\" data-widget_type=\"image.default\">\n\t\t\t\t\t\t\t\t\t\t\t\t\t\t\t<img fetchpriority=\"high\" decoding=\"async\" width=\"2000\" height=\"1333\" src=\"https:\/\/bazarhongguan.es\/wp-content\/uploads\/2026\/01\/6298-1.jpg\" class=\"attachment-2048x2048 size-2048x2048 wp-image-142\" alt=\"\" srcset=\"https:\/\/bazarhongguan.es\/wp-content\/uploads\/2026\/01\/6298-1.jpg 2000w, https:\/\/bazarhongguan.es\/wp-content\/uploads\/2026\/01\/6298-1-300x200.jpg 300w, https:\/\/bazarhongguan.es\/wp-content\/uploads\/2026\/01\/6298-1-1024x682.jpg 1024w, https:\/\/bazarhongguan.es\/wp-content\/uploads\/2026\/01\/6298-1-768x512.jpg 768w, https:\/\/bazarhongguan.es\/wp-content\/uploads\/2026\/01\/6298-1-1536x1024.jpg 1536w, https:\/\/bazarhongguan.es\/wp-content\/uploads\/2026\/01\/6298-1-18x12.jpg 18w\" sizes=\"(max-width: 2000px) 100vw, 2000px\" \/>\t\t\t\t\t\t\t\t\t\t\t\t\t\t\t<\/div>\n\t\t\t\t<\/div>\n\t\t<div class=\"elementor-element elementor-element-937e4c3 e-con-full e-flex e-con e-child\" data-id=\"937e4c3\" data-element_type=\"container\" data-e-type=\"container\">\n\t\t\t\t<div class=\"elementor-element elementor-element-80ba868 elementor-widget elementor-widget-image\" data-id=\"80ba868\" data-element_type=\"widget\" data-e-type=\"widget\" data-widget_type=\"image.default\">\n\t\t\t\t\t\t\t\t\t\t\t\t\t\t\t<img decoding=\"async\" width=\"2000\" height=\"1368\" src=\"https:\/\/bazarhongguan.es\/wp-content\/uploads\/2026\/01\/4947.jpg\" class=\"attachment-2048x2048 size-2048x2048 wp-image-141\" alt=\"\" srcset=\"https:\/\/bazarhongguan.es\/wp-content\/uploads\/2026\/01\/4947.jpg 2000w, https:\/\/bazarhongguan.es\/wp-content\/uploads\/2026\/01\/4947-300x205.jpg 300w, https:\/\/bazarhongguan.es\/wp-content\/uploads\/2026\/01\/4947-1024x700.jpg 1024w, https:\/\/bazarhongguan.es\/wp-content\/uploads\/2026\/01\/4947-768x525.jpg 768w, https:\/\/bazarhongguan.es\/wp-content\/uploads\/2026\/01\/4947-1536x1051.jpg 1536w, https:\/\/bazarhongguan.es\/wp-content\/uploads\/2026\/01\/4947-18x12.jpg 18w\" sizes=\"(max-width: 2000px) 100vw, 2000px\" \/>\t\t\t\t\t\t\t\t\t\t\t\t\t\t\t<\/div>\n\t\t\t\t<div class=\"elementor-element elementor-element-f528d40 elementor-widget elementor-widget-heading\" data-id=\"f528d40\" data-element_type=\"widget\" data-e-type=\"widget\" data-widget_type=\"heading.default\">\n\t\t\t\t\t<h2 class=\"elementor-heading-title elementor-size-default\">Elektronikoak<\/h2>\t\t\t\t<\/div>\n\t\t\t\t<\/div>\n\t\t<div class=\"elementor-element elementor-element-73511cc e-con-full e-flex e-con e-child\" data-id=\"73511cc\" data-element_type=\"container\" data-e-type=\"container\">\n\t\t\t\t<div class=\"elementor-element elementor-element-d432d9c elementor-widget elementor-widget-image\" data-id=\"d432d9c\" data-element_type=\"widget\" data-e-type=\"widget\" data-widget_type=\"image.default\">\n\t\t\t\t\t\t\t\t\t\t\t\t\t\t\t<img decoding=\"async\" width=\"2000\" height=\"1333\" src=\"https:\/\/bazarhongguan.es\/wp-content\/uploads\/2026\/01\/2148678005.jpg\" class=\"attachment-2048x2048 size-2048x2048 wp-image-139\" alt=\"\" srcset=\"https:\/\/bazarhongguan.es\/wp-content\/uploads\/2026\/01\/2148678005.jpg 2000w, https:\/\/bazarhongguan.es\/wp-content\/uploads\/2026\/01\/2148678005-300x200.jpg 300w, https:\/\/bazarhongguan.es\/wp-content\/uploads\/2026\/01\/2148678005-1024x682.jpg 1024w, https:\/\/bazarhongguan.es\/wp-content\/uploads\/2026\/01\/2148678005-768x512.jpg 768w, https:\/\/bazarhongguan.es\/wp-content\/uploads\/2026\/01\/2148678005-1536x1024.jpg 1536w, https:\/\/bazarhongguan.es\/wp-content\/uploads\/2026\/01\/2148678005-18x12.jpg 18w\" sizes=\"(max-width: 2000px) 100vw, 2000px\" \/>\t\t\t\t\t\t\t\t\t\t\t\t\t\t\t<\/div>\n\t\t\t\t<div class=\"elementor-element elementor-element-3a647c6 elementor-widget elementor-widget-heading\" data-id=\"3a647c6\" data-element_type=\"widget\" data-e-type=\"widget\" data-widget_type=\"heading.default\">\n\t\t\t\t\t<h2 class=\"elementor-heading-title elementor-size-default\">Menajeak<\/h2>\t\t\t\t<\/div>\n\t\t\t\t<\/div>\n\t\t<div class=\"elementor-element elementor-element-765ae46 e-con-full e-flex e-con e-child\" data-id=\"765ae46\" data-element_type=\"container\" data-e-type=\"container\">\n\t\t\t\t<div class=\"elementor-element elementor-element-10c7f47 elementor-widget elementor-widget-image\" data-id=\"10c7f47\" data-element_type=\"widget\" data-e-type=\"widget\" data-widget_type=\"image.default\">\n\t\t\t\t\t\t\t\t\t\t\t\t\t\t\t<img loading=\"lazy\" decoding=\"async\" width=\"2000\" height=\"1333\" src=\"https:\/\/bazarhongguan.es\/wp-content\/uploads\/2026\/01\/130192.jpg\" class=\"attachment-2048x2048 size-2048x2048 wp-image-145\" alt=\"\" srcset=\"https:\/\/bazarhongguan.es\/wp-content\/uploads\/2026\/01\/130192.jpg 2000w, https:\/\/bazarhongguan.es\/wp-content\/uploads\/2026\/01\/130192-300x200.jpg 300w, https:\/\/bazarhongguan.es\/wp-content\/uploads\/2026\/01\/130192-1024x682.jpg 1024w, https:\/\/bazarhongguan.es\/wp-content\/uploads\/2026\/01\/130192-768x512.jpg 768w, https:\/\/bazarhongguan.es\/wp-content\/uploads\/2026\/01\/130192-1536x1024.jpg 1536w, https:\/\/bazarhongguan.es\/wp-content\/uploads\/2026\/01\/130192-18x12.jpg 18w\" sizes=\"(max-width: 2000px) 100vw, 2000px\" \/>\t\t\t\t\t\t\t\t\t\t\t\t\t\t\t<\/div>\n\t\t\t\t<div class=\"elementor-element elementor-element-6e02f17 elementor-widget elementor-widget-heading\" data-id=\"6e02f17\" data-element_type=\"widget\" data-e-type=\"widget\" data-widget_type=\"heading.default\">\n\t\t\t\t\t<h2 class=\"elementor-heading-title elementor-size-default\">Drogeriak<\/h2>\t\t\t\t<\/div>\n\t\t\t\t<\/div>\n\t\t<div class=\"elementor-element elementor-element-84cb690 e-con-full e-flex e-con e-child\" data-id=\"84cb690\" data-element_type=\"container\" data-e-type=\"container\">\n\t\t\t\t<div class=\"elementor-element elementor-element-8c1c047 elementor-widget elementor-widget-image\" data-id=\"8c1c047\" data-element_type=\"widget\" data-e-type=\"widget\" data-widget_type=\"image.default\">\n\t\t\t\t\t\t\t\t\t\t\t\t\t\t\t<img loading=\"lazy\" decoding=\"async\" width=\"2000\" height=\"1335\" src=\"https:\/\/bazarhongguan.es\/wp-content\/uploads\/2026\/01\/20025.jpg\" class=\"attachment-2048x2048 size-2048x2048 wp-image-146\" alt=\"\" srcset=\"https:\/\/bazarhongguan.es\/wp-content\/uploads\/2026\/01\/20025.jpg 2000w, https:\/\/bazarhongguan.es\/wp-content\/uploads\/2026\/01\/20025-300x200.jpg 300w, https:\/\/bazarhongguan.es\/wp-content\/uploads\/2026\/01\/20025-1024x684.jpg 1024w, https:\/\/bazarhongguan.es\/wp-content\/uploads\/2026\/01\/20025-768x513.jpg 768w, https:\/\/bazarhongguan.es\/wp-content\/uploads\/2026\/01\/20025-1536x1025.jpg 1536w, https:\/\/bazarhongguan.es\/wp-content\/uploads\/2026\/01\/20025-18x12.jpg 18w\" sizes=\"(max-width: 2000px) 100vw, 2000px\" \/>\t\t\t\t\t\t\t\t\t\t\t\t\t\t\t<\/div>\n\t\t\t\t<div class=\"elementor-element elementor-element-b300903 elementor-widget elementor-widget-heading\" data-id=\"b300903\" data-element_type=\"widget\" data-e-type=\"widget\" data-widget_type=\"heading.default\">\n\t\t\t\t\t<h2 class=\"elementor-heading-title elementor-size-default\">Burdindegia<\/h2>\t\t\t\t<\/div>\n\t\t\t\t<\/div>\n\t\t<div class=\"elementor-element elementor-element-8958031 e-con-full e-flex e-con e-child\" data-id=\"8958031\" data-element_type=\"container\" data-e-type=\"container\">\n\t\t\t\t<div class=\"elementor-element elementor-element-227cc5c elementor-widget elementor-widget-image\" data-id=\"227cc5c\" data-element_type=\"widget\" data-e-type=\"widget\" data-widget_type=\"image.default\">\n\t\t\t\t\t\t\t\t\t\t\t\t\t\t\t<img loading=\"lazy\" decoding=\"async\" width=\"2000\" height=\"1335\" src=\"https:\/\/bazarhongguan.es\/wp-content\/uploads\/2026\/01\/24324.jpg\" class=\"attachment-2048x2048 size-2048x2048 wp-image-144\" alt=\"\" srcset=\"https:\/\/bazarhongguan.es\/wp-content\/uploads\/2026\/01\/24324.jpg 2000w, https:\/\/bazarhongguan.es\/wp-content\/uploads\/2026\/01\/24324-300x200.jpg 300w, https:\/\/bazarhongguan.es\/wp-content\/uploads\/2026\/01\/24324-1024x684.jpg 1024w, https:\/\/bazarhongguan.es\/wp-content\/uploads\/2026\/01\/24324-768x513.jpg 768w, https:\/\/bazarhongguan.es\/wp-content\/uploads\/2026\/01\/24324-1536x1025.jpg 1536w, https:\/\/bazarhongguan.es\/wp-content\/uploads\/2026\/01\/24324-18x12.jpg 18w\" sizes=\"(max-width: 2000px) 100vw, 2000px\" \/>\t\t\t\t\t\t\t\t\t\t\t\t\t\t\t<\/div>\n\t\t\t\t<div class=\"elementor-element elementor-element-f4d7192 elementor-widget elementor-widget-heading\" data-id=\"f4d7192\" data-element_type=\"widget\" data-e-type=\"widget\" data-widget_type=\"heading.default\">\n\t\t\t\t\t<h2 class=\"elementor-heading-title elementor-size-default\">Papergintza<\/h2>\t\t\t\t<\/div>\n\t\t\t\t<\/div>\n\t\t<div class=\"elementor-element elementor-element-39b3a56 e-con-full e-flex e-con e-child\" data-id=\"39b3a56\" data-element_type=\"container\" data-e-type=\"container\">\n\t\t\t\t<div class=\"elementor-element elementor-element-875c2f6 elementor-widget elementor-widget-image\" data-id=\"875c2f6\" data-element_type=\"widget\" data-e-type=\"widget\" data-widget_type=\"image.default\">\n\t\t\t\t\t\t\t\t\t\t\t\t\t\t\t<img loading=\"lazy\" decoding=\"async\" width=\"2000\" height=\"1232\" src=\"https:\/\/bazarhongguan.es\/wp-content\/uploads\/2026\/01\/2837.jpg\" class=\"attachment-2048x2048 size-2048x2048 wp-image-158\" alt=\"\" srcset=\"https:\/\/bazarhongguan.es\/wp-content\/uploads\/2026\/01\/2837.jpg 2000w, https:\/\/bazarhongguan.es\/wp-content\/uploads\/2026\/01\/2837-300x185.jpg 300w, https:\/\/bazarhongguan.es\/wp-content\/uploads\/2026\/01\/2837-1024x631.jpg 1024w, https:\/\/bazarhongguan.es\/wp-content\/uploads\/2026\/01\/2837-768x473.jpg 768w, https:\/\/bazarhongguan.es\/wp-content\/uploads\/2026\/01\/2837-1536x946.jpg 1536w, https:\/\/bazarhongguan.es\/wp-content\/uploads\/2026\/01\/2837-18x12.jpg 18w\" sizes=\"(max-width: 2000px) 100vw, 2000px\" \/>\t\t\t\t\t\t\t\t\t\t\t\t\t\t\t<\/div>\n\t\t\t\t<div class=\"elementor-element elementor-element-8796047 elementor-widget elementor-widget-heading\" data-id=\"8796047\" data-element_type=\"widget\" data-e-type=\"widget\" data-widget_type=\"heading.default\">\n\t\t\t\t\t<h2 class=\"elementor-heading-title elementor-size-default\">Jostailuak<\/h2>\t\t\t\t<\/div>\n\t\t\t\t<\/div>\n\t\t\t\t\t<\/div>\n\t\t\t\t<\/div>\n\t\t<div class=\"elementor-element elementor-element-9e09250 e-flex e-con-boxed e-con e-parent\" data-id=\"9e09250\" data-element_type=\"container\" data-e-type=\"container\" data-settings=\"{&quot;background_background&quot;:&quot;classic&quot;}\">\n\t\t\t\t\t<div class=\"e-con-inner\">\n\t\t\t\t<div class=\"elementor-element elementor-element-a8ba15e elementor-widget elementor-widget-heading\" data-id=\"a8ba15e\" data-element_type=\"widget\" data-e-type=\"widget\" data-widget_type=\"heading.default\">\n\t\t\t\t\t<h2 class=\"elementor-heading-title elementor-size-default\">\u00bfTienes dudas? Estamos aqu\u00ed para ayudarte.<\/h2>\t\t\t\t<\/div>\n\t\t\t\t<div class=\"elementor-element elementor-element-f7f6936 elementor-align-center elementor-widget elementor-widget-button\" data-id=\"f7f6936\" data-element_type=\"widget\" data-e-type=\"widget\" data-widget_type=\"button.default\">\n\t\t\t\t\t\t\t\t\t\t<a class=\"elementor-button elementor-button-link elementor-size-sm\" href=\"\/eu\/contacto\/\">\n\t\t\t\t\t\t<span class=\"elementor-button-content-wrapper\">\n\t\t\t\t\t\t\t\t\t<span class=\"elementor-button-text\">Kontaktua<\/span>\n\t\t\t\t\t<\/span>\n\t\t\t\t\t<\/a>\n\t\t\t\t\t\t\t\t<\/div>\n\t\t\t\t\t<\/div>\n\t\t\t\t<\/div>\n\t\t\t\t<\/div>","protected":false},"excerpt":{"rendered":"<p>Productos Art\u00edculos de moda Electr\u00f3nicos Menajes Droguer\u00edas Ferreter\u00eda Papeler\u00eda Juguetes \u00bfTienes dudas? Estamos aqu\u00ed para ayudarte. Contacto<\/p>","protected":false},"author":1,"featured_media":0,"parent":0,"menu_order":0,"comment_status":"closed","ping_status":"closed","template":"elementor_canvas","meta":{"footnotes":""},"class_list":["post-47","page","type-page","status-publish","hentry"],"yoast_head":"<!-- This site is optimized with the Yoast SEO plugin v27.5 - https:\/\/yoast.com\/product\/yoast-seo-wordpress\/ -->\n<title>Productos - Bazar Hong Guan<\/title>\n<meta name=\"robots\" content=\"index, follow, max-snippet:-1, max-image-preview:large, max-video-preview:-1\" \/>\n<link rel=\"canonical\" href=\"https:\/\/bazarhongguan.es\/eu\/productos\/\" \/>\n<meta property=\"og:locale\" content=\"en_US\" \/>\n<meta property=\"og:type\" content=\"article\" \/>\n<meta property=\"og:title\" content=\"Productos - Bazar Hong Guan\" \/>\n<meta property=\"og:description\" content=\"Productos Art\u00edculos de moda Electr\u00f3nicos Menajes Droguer\u00edas Ferreter\u00eda Papeler\u00eda Juguetes \u00bfTienes dudas? Estamos aqu\u00ed para ayudarte. Contacto\" \/>\n<meta property=\"og:url\" content=\"https:\/\/bazarhongguan.es\/eu\/productos\/\" \/>\n<meta property=\"og:site_name\" content=\"Bazar Hong Guan\" \/>\n<meta property=\"article:modified_time\" content=\"2026-01-08T10:43:22+00:00\" \/>\n<meta property=\"og:image\" content=\"https:\/\/bazarhongguan.es\/wp-content\/uploads\/2026\/01\/6298-1.jpg\" \/>\n<meta name=\"twitter:card\" content=\"summary_large_image\" \/>\n<meta name=\"twitter:label1\" content=\"Est. reading time\" \/>\n\t<meta name=\"twitter:data1\" content=\"1 minutua\" \/>\n<script type=\"application\/ld+json\" class=\"yoast-schema-graph\">{\"@context\":\"https:\\\/\\\/schema.org\",\"@graph\":[{\"@type\":\"WebPage\",\"@id\":\"https:\\\/\\\/bazarhongguan.es\\\/productos\\\/\",\"url\":\"https:\\\/\\\/bazarhongguan.es\\\/productos\\\/\",\"name\":\"Productos - Bazar Hong Guan\",\"isPartOf\":{\"@id\":\"https:\\\/\\\/bazarhongguan.es\\\/#website\"},\"primaryImageOfPage\":{\"@id\":\"https:\\\/\\\/bazarhongguan.es\\\/productos\\\/#primaryimage\"},\"image\":{\"@id\":\"https:\\\/\\\/bazarhongguan.es\\\/productos\\\/#primaryimage\"},\"thumbnailUrl\":\"https:\\\/\\\/bazarhongguan.es\\\/wp-content\\\/uploads\\\/2026\\\/01\\\/6298-1.jpg\",\"datePublished\":\"2026-01-07T12:52:34+00:00\",\"dateModified\":\"2026-01-08T10:43:22+00:00\",\"breadcrumb\":{\"@id\":\"https:\\\/\\\/bazarhongguan.es\\\/productos\\\/#breadcrumb\"},\"inLanguage\":\"eu\",\"potentialAction\":[{\"@type\":\"ReadAction\",\"target\":[\"https:\\\/\\\/bazarhongguan.es\\\/productos\\\/\"]}]},{\"@type\":\"ImageObject\",\"inLanguage\":\"eu\",\"@id\":\"https:\\\/\\\/bazarhongguan.es\\\/productos\\\/#primaryimage\",\"url\":\"https:\\\/\\\/bazarhongguan.es\\\/wp-content\\\/uploads\\\/2026\\\/01\\\/6298-1.jpg\",\"contentUrl\":\"https:\\\/\\\/bazarhongguan.es\\\/wp-content\\\/uploads\\\/2026\\\/01\\\/6298-1.jpg\"},{\"@type\":\"BreadcrumbList\",\"@id\":\"https:\\\/\\\/bazarhongguan.es\\\/productos\\\/#breadcrumb\",\"itemListElement\":[{\"@type\":\"ListItem\",\"position\":1,\"name\":\"Portada\",\"item\":\"https:\\\/\\\/bazarhongguan.es\\\/\"},{\"@type\":\"ListItem\",\"position\":2,\"name\":\"Productos\"}]},{\"@type\":\"WebSite\",\"@id\":\"https:\\\/\\\/bazarhongguan.es\\\/#website\",\"url\":\"https:\\\/\\\/bazarhongguan.es\\\/\",\"name\":\"Bazar Hong Guan\",\"description\":\"Art\u00edculos de complementos de moda, electr\u00f3nicos, menajes, droguer\u00edas, ferreter\u00eda, papeler\u00eda , juguetes...\",\"publisher\":{\"@id\":\"https:\\\/\\\/bazarhongguan.es\\\/#organization\"},\"potentialAction\":[{\"@type\":\"SearchAction\",\"target\":{\"@type\":\"EntryPoint\",\"urlTemplate\":\"https:\\\/\\\/bazarhongguan.es\\\/?s={search_term_string}\"},\"query-input\":{\"@type\":\"PropertyValueSpecification\",\"valueRequired\":true,\"valueName\":\"search_term_string\"}}],\"inLanguage\":\"eu\"},{\"@type\":\"Organization\",\"@id\":\"https:\\\/\\\/bazarhongguan.es\\\/#organization\",\"name\":\"Bazar Hong Guan\",\"url\":\"https:\\\/\\\/bazarhongguan.es\\\/\",\"logo\":{\"@type\":\"ImageObject\",\"inLanguage\":\"eu\",\"@id\":\"https:\\\/\\\/bazarhongguan.es\\\/#\\\/schema\\\/logo\\\/image\\\/\",\"url\":\"https:\\\/\\\/bazarhongguan.es\\\/wp-content\\\/uploads\\\/2026\\\/01\\\/cropped-cropped-1.png\",\"contentUrl\":\"https:\\\/\\\/bazarhongguan.es\\\/wp-content\\\/uploads\\\/2026\\\/01\\\/cropped-cropped-1.png\",\"width\":500,\"height\":287,\"caption\":\"Bazar Hong Guan\"},\"image\":{\"@id\":\"https:\\\/\\\/bazarhongguan.es\\\/#\\\/schema\\\/logo\\\/image\\\/\"}}]}<\/script>\n<!-- \/ Yoast SEO plugin. -->","yoast_head_json":{"title":"Productos - Bazar Hong Guan","robots":{"index":"index","follow":"follow","max-snippet":"max-snippet:-1","max-image-preview":"max-image-preview:large","max-video-preview":"max-video-preview:-1"},"canonical":"https:\/\/bazarhongguan.es\/eu\/productos\/","og_locale":"en_US","og_type":"article","og_title":"Productos - Bazar Hong Guan","og_description":"Productos Art\u00edculos de moda Electr\u00f3nicos Menajes Droguer\u00edas Ferreter\u00eda Papeler\u00eda Juguetes \u00bfTienes dudas? Estamos aqu\u00ed para ayudarte. Contacto","og_url":"https:\/\/bazarhongguan.es\/eu\/productos\/","og_site_name":"Bazar Hong Guan","article_modified_time":"2026-01-08T10:43:22+00:00","og_image":[{"url":"https:\/\/bazarhongguan.es\/wp-content\/uploads\/2026\/01\/6298-1.jpg","type":"","width":"","height":""}],"twitter_card":"summary_large_image","twitter_misc":{"Est. reading time":"1 minutua"},"schema":{"@context":"https:\/\/schema.org","@graph":[{"@type":"WebPage","@id":"https:\/\/bazarhongguan.es\/productos\/","url":"https:\/\/bazarhongguan.es\/productos\/","name":"Productos - Bazar Hong Guan","isPartOf":{"@id":"https:\/\/bazarhongguan.es\/#website"},"primaryImageOfPage":{"@id":"https:\/\/bazarhongguan.es\/productos\/#primaryimage"},"image":{"@id":"https:\/\/bazarhongguan.es\/productos\/#primaryimage"},"thumbnailUrl":"https:\/\/bazarhongguan.es\/wp-content\/uploads\/2026\/01\/6298-1.jpg","datePublished":"2026-01-07T12:52:34+00:00","dateModified":"2026-01-08T10:43:22+00:00","breadcrumb":{"@id":"https:\/\/bazarhongguan.es\/productos\/#breadcrumb"},"inLanguage":"eu","potentialAction":[{"@type":"ReadAction","target":["https:\/\/bazarhongguan.es\/productos\/"]}]},{"@type":"ImageObject","inLanguage":"eu","@id":"https:\/\/bazarhongguan.es\/productos\/#primaryimage","url":"https:\/\/bazarhongguan.es\/wp-content\/uploads\/2026\/01\/6298-1.jpg","contentUrl":"https:\/\/bazarhongguan.es\/wp-content\/uploads\/2026\/01\/6298-1.jpg"},{"@type":"BreadcrumbList","@id":"https:\/\/bazarhongguan.es\/productos\/#breadcrumb","itemListElement":[{"@type":"ListItem","position":1,"name":"Portada","item":"https:\/\/bazarhongguan.es\/"},{"@type":"ListItem","position":2,"name":"Productos"}]},{"@type":"WebSite","@id":"https:\/\/bazarhongguan.es\/#website","url":"https:\/\/bazarhongguan.es\/","name":"Bazar Hong Guan","description":"Art\u00edculos de complementos de moda, electr\u00f3nicos, menajes, droguer\u00edas, ferreter\u00eda, papeler\u00eda , juguetes...","publisher":{"@id":"https:\/\/bazarhongguan.es\/#organization"},"potentialAction":[{"@type":"SearchAction","target":{"@type":"EntryPoint","urlTemplate":"https:\/\/bazarhongguan.es\/?s={search_term_string}"},"query-input":{"@type":"PropertyValueSpecification","valueRequired":true,"valueName":"search_term_string"}}],"inLanguage":"eu"},{"@type":"Organization","@id":"https:\/\/bazarhongguan.es\/#organization","name":"Bazar Hong Guan","url":"https:\/\/bazarhongguan.es\/","logo":{"@type":"ImageObject","inLanguage":"eu","@id":"https:\/\/bazarhongguan.es\/#\/schema\/logo\/image\/","url":"https:\/\/bazarhongguan.es\/wp-content\/uploads\/2026\/01\/cropped-cropped-1.png","contentUrl":"https:\/\/bazarhongguan.es\/wp-content\/uploads\/2026\/01\/cropped-cropped-1.png","width":500,"height":287,"caption":"Bazar Hong Guan"},"image":{"@id":"https:\/\/bazarhongguan.es\/#\/schema\/logo\/image\/"}}]}},"_links":{"self":[{"href":"https:\/\/bazarhongguan.es\/eu\/wp-json\/wp\/v2\/pages\/47","targetHints":{"allow":["GET"]}}],"collection":[{"href":"https:\/\/bazarhongguan.es\/eu\/wp-json\/wp\/v2\/pages"}],"about":[{"href":"https:\/\/bazarhongguan.es\/eu\/wp-json\/wp\/v2\/types\/page"}],"author":[{"embeddable":true,"href":"https:\/\/bazarhongguan.es\/eu\/wp-json\/wp\/v2\/users\/1"}],"replies":[{"embeddable":true,"href":"https:\/\/bazarhongguan.es\/eu\/wp-json\/wp\/v2\/comments?post=47"}],"version-history":[{"count":30,"href":"https:\/\/bazarhongguan.es\/eu\/wp-json\/wp\/v2\/pages\/47\/revisions"}],"predecessor-version":[{"id":244,"href":"https:\/\/bazarhongguan.es\/eu\/wp-json\/wp\/v2\/pages\/47\/revisions\/244"}],"wp:attachment":[{"href":"https:\/\/bazarhongguan.es\/eu\/wp-json\/wp\/v2\/media?parent=47"}],"curies":[{"name":"wp","href":"https:\/\/api.w.org\/{rel}","templated":true}]}}