{"id":2,"date":"2026-01-07T12:25:05","date_gmt":"2026-01-07T12:25:05","guid":{"rendered":"https:\/\/bazarhongguan.rkinformatika.online\/?page_id=2"},"modified":"2026-01-15T15:42:30","modified_gmt":"2026-01-15T15:42:30","slug":"inicio","status":"publish","type":"page","link":"https:\/\/bazarhongguan.es\/eu\/","title":{"rendered":"Hasiera"},"content":{"rendered":"<div data-elementor-type=\"wp-page\" data-elementor-id=\"2\" class=\"elementor elementor-2\" data-elementor-post-type=\"page\">\n\t\t\t\t<div class=\"elementor-element elementor-element-2ee33ee e-flex e-con-boxed e-con e-parent\" data-id=\"2ee33ee\" data-element_type=\"container\" data-e-type=\"container\" data-settings=\"{&quot;background_background&quot;:&quot;classic&quot;}\">\n\t\t\t\t\t<div class=\"e-con-inner\">\n\t\t\t\t<div class=\"elementor-element elementor-element-ece32f8 elementor-widget elementor-widget-heading\" data-id=\"ece32f8\" data-element_type=\"widget\" data-e-type=\"widget\" data-widget_type=\"heading.default\">\n\t\t\t\t\t<h2 class=\"elementor-heading-title elementor-size-default\">Bazar Hong Guan<\/h2>\t\t\t\t<\/div>\n\t\t\t\t\t<\/div>\n\t\t\t\t<\/div>\n\t\t<div class=\"elementor-element elementor-element-f7df2e1 e-flex e-con-boxed e-con e-parent\" data-id=\"f7df2e1\" data-element_type=\"container\" data-e-type=\"container\">\n\t\t\t\t\t<div class=\"e-con-inner\">\n\t\t<div class=\"elementor-element elementor-element-e9b8b97 e-con-full e-flex e-con e-child\" data-id=\"e9b8b97\" data-element_type=\"container\" data-e-type=\"container\">\n\t\t\t\t<div class=\"elementor-element elementor-element-0787a35 elementor-widget elementor-widget-heading\" data-id=\"0787a35\" data-element_type=\"widget\" data-e-type=\"widget\" data-widget_type=\"heading.default\">\n\t\t\t\t\t<h2 class=\"elementor-heading-title elementor-size-default\">Nor gara?<\/h2>\t\t\t\t<\/div>\n\t\t\t\t<div class=\"elementor-element elementor-element-533dc07 elementor-widget elementor-widget-text-editor\" data-id=\"533dc07\" data-element_type=\"widget\" data-e-type=\"widget\" data-widget_type=\"text-editor.default\">\n\t\t\t\t\t\t\t\t\t<p>Duela 18 urte ireki genuen gure bazarra Santurtzin, helburu argi batekin: bezero bakoitza ongi etorria sentitzeko eta behar zuena aurkitzeko lekua izatea. Ordutik, urratsez urrats hazi gara, bizilagun, bezero eta esperientzia bakoitzarengandik ikasiz. Gertuko tratua izaten ahalegintzen gara, produktuak ez ezik, konfiantza eta laguntza ere eskainiz. Gure bazarra denda bat baino gehiago da: komunitatea aurkitu, partekatu eta egunerokorako irtenbideak aurkitzen dituen espazio bat da.<\/p>\t\t\t\t\t\t\t\t<\/div>\n\t\t\t\t<\/div>\n\t\t<div class=\"elementor-element elementor-element-ff7c63c e-con-full e-flex e-con e-child\" data-id=\"ff7c63c\" data-element_type=\"container\" data-e-type=\"container\">\n\t\t\t\t<div class=\"elementor-element elementor-element-9443214 elementor-widget elementor-widget-image\" data-id=\"9443214\" data-element_type=\"widget\" data-e-type=\"widget\" data-widget_type=\"image.default\">\n\t\t\t\t\t\t\t\t\t\t\t\t\t\t\t<img fetchpriority=\"high\" decoding=\"async\" width=\"2000\" height=\"1331\" src=\"https:\/\/bazarhongguan.es\/wp-content\/uploads\/2026\/01\/83936.jpg\" class=\"attachment-2048x2048 size-2048x2048 wp-image-187\" alt=\"\" srcset=\"https:\/\/bazarhongguan.es\/wp-content\/uploads\/2026\/01\/83936.jpg 2000w, https:\/\/bazarhongguan.es\/wp-content\/uploads\/2026\/01\/83936-300x200.jpg 300w, https:\/\/bazarhongguan.es\/wp-content\/uploads\/2026\/01\/83936-1024x681.jpg 1024w, https:\/\/bazarhongguan.es\/wp-content\/uploads\/2026\/01\/83936-768x511.jpg 768w, https:\/\/bazarhongguan.es\/wp-content\/uploads\/2026\/01\/83936-1536x1022.jpg 1536w, https:\/\/bazarhongguan.es\/wp-content\/uploads\/2026\/01\/83936-18x12.jpg 18w\" sizes=\"(max-width: 2000px) 100vw, 2000px\" \/>\t\t\t\t\t\t\t\t\t\t\t\t\t\t\t<\/div>\n\t\t\t\t<\/div>\n\t\t\t\t\t<\/div>\n\t\t\t\t<\/div>\n\t\t<div class=\"elementor-element elementor-element-f378e73 e-flex e-con-boxed e-con e-parent\" data-id=\"f378e73\" data-element_type=\"container\" data-e-type=\"container\">\n\t\t\t\t\t<div class=\"e-con-inner\">\n\t\t<div class=\"elementor-element elementor-element-9394d20 e-con-full e-flex e-con e-child\" data-id=\"9394d20\" data-element_type=\"container\" data-e-type=\"container\">\n\t\t\t\t<div class=\"elementor-element elementor-element-9a22703 elementor-widget elementor-widget-image\" data-id=\"9a22703\" data-element_type=\"widget\" data-e-type=\"widget\" data-widget_type=\"image.default\">\n\t\t\t\t\t\t\t\t\t\t\t\t\t\t\t<img decoding=\"async\" src=\"https:\/\/bazarhongguan.es\/wp-content\/uploads\/elementor\/thumbs\/IMG_20251017_123558-Edu-Li-1-scaled-rhcmo5ws746m20v7tvn7uwenlohe6s4tismd7cs2w0.jpg\" title=\"IMG_20251017_123558-Edu-Li-1\" alt=\"IMG_20251017_123558-Edu-Li-1\" loading=\"lazy\" \/>\t\t\t\t\t\t\t\t\t\t\t\t\t\t\t<\/div>\n\t\t\t\t<\/div>\n\t\t<div class=\"elementor-element elementor-element-b2c7489 e-con-full e-flex e-con e-child\" data-id=\"b2c7489\" data-element_type=\"container\" data-e-type=\"container\">\n\t\t\t\t<div class=\"elementor-element elementor-element-920f882 elementor-widget elementor-widget-image\" data-id=\"920f882\" data-element_type=\"widget\" data-e-type=\"widget\" data-widget_type=\"image.default\">\n\t\t\t\t\t\t\t\t\t\t\t\t\t\t\t<img decoding=\"async\" src=\"https:\/\/bazarhongguan.es\/wp-content\/uploads\/elementor\/thumbs\/IMG_20251017_123621-Edu-Li-2-1-scaled-rhcmo7sgks96p8shiwggzvxksg84m6ca71xc5wpajk.jpg\" title=\"IMG_20251017_123621-Edu-Li-2-1\" alt=\"IMG_20251017_123621-Edu-Li-2-1\" loading=\"lazy\" \/>\t\t\t\t\t\t\t\t\t\t\t\t\t\t\t<\/div>\n\t\t\t\t<\/div>\n\t\t\t\t\t<\/div>\n\t\t\t\t<\/div>\n\t\t<div class=\"elementor-element elementor-element-2dcc16c e-flex e-con-boxed e-con e-parent\" data-id=\"2dcc16c\" data-element_type=\"container\" data-e-type=\"container\">\n\t\t\t\t\t<div class=\"e-con-inner\">\n\t\t\t\t<div class=\"elementor-element elementor-element-76a30d4 elementor-testimonial--skin-default elementor-testimonial--layout-image_inline elementor-testimonial--align-center elementor-widget elementor-widget-testimonial-carousel\" data-id=\"76a30d4\" data-element_type=\"widget\" data-e-type=\"widget\" data-settings=\"{&quot;slides_per_view&quot;:&quot;3&quot;,&quot;slides_per_view_tablet&quot;:&quot;2&quot;,&quot;speed&quot;:500,&quot;autoplay&quot;:&quot;yes&quot;,&quot;autoplay_speed&quot;:5000,&quot;loop&quot;:&quot;yes&quot;,&quot;pause_on_hover&quot;:&quot;yes&quot;,&quot;pause_on_interaction&quot;:&quot;yes&quot;,&quot;space_between&quot;:{&quot;unit&quot;:&quot;px&quot;,&quot;size&quot;:10,&quot;sizes&quot;:[]},&quot;space_between_tablet&quot;:{&quot;unit&quot;:&quot;px&quot;,&quot;size&quot;:10,&quot;sizes&quot;:[]},&quot;space_between_mobile&quot;:{&quot;unit&quot;:&quot;px&quot;,&quot;size&quot;:10,&quot;sizes&quot;:[]}}\" data-widget_type=\"testimonial-carousel.default\">\n\t\t\t\t\t\t\t\t\t\t<div class=\"elementor-main-swiper swiper\" role=\"region\" aria-roledescription=\"carousel\" aria-label=\"Slides\">\n\t\t\t\t<div class=\"swiper-wrapper\">\n\t\t\t\t\t\t\t\t\t\t\t<div class=\"swiper-slide\" role=\"group\" aria-roledescription=\"slide\">\n\t\t\t\t\t\t\t\t\t<div class=\"elementor-testimonial\">\n\t\t\t\t\t\t\t<div class=\"elementor-testimonial__content\">\n\t\t\t\t\t<div class=\"elementor-testimonial__text\">\n\t\t\t\t\t\tModa-osagarriak\t\t\t\t\t<\/div>\n\t\t\t\t\t\t\t\t\t<\/div>\n\t\t\t\t\t\t<div class=\"elementor-testimonial__footer\">\n\t\t\t\t\t\t\t\t\t\t\t<\/div>\n\t\t<\/div>\n\t\t\t\t\t\t\t\t<\/div>\n\t\t\t\t\t\t\t\t\t\t\t<div class=\"swiper-slide\" role=\"group\" aria-roledescription=\"slide\">\n\t\t\t\t\t\t\t\t\t<div class=\"elementor-testimonial\">\n\t\t\t\t\t\t\t<div class=\"elementor-testimonial__content\">\n\t\t\t\t\t<div class=\"elementor-testimonial__text\">\n\t\t\t\t\t\tElektronikoak\t\t\t\t\t<\/div>\n\t\t\t\t\t\t\t\t\t<\/div>\n\t\t\t\t\t\t<div class=\"elementor-testimonial__footer\">\n\t\t\t\t\t\t\t\t\t\t\t<\/div>\n\t\t<\/div>\n\t\t\t\t\t\t\t\t<\/div>\n\t\t\t\t\t\t\t\t\t\t\t<div class=\"swiper-slide\" role=\"group\" aria-roledescription=\"slide\">\n\t\t\t\t\t\t\t\t\t<div class=\"elementor-testimonial\">\n\t\t\t\t\t\t\t<div class=\"elementor-testimonial__content\">\n\t\t\t\t\t<div class=\"elementor-testimonial__text\">\n\t\t\t\t\t\tMenajeak\t\t\t\t\t<\/div>\n\t\t\t\t\t\t\t\t\t<\/div>\n\t\t\t\t\t\t<div class=\"elementor-testimonial__footer\">\n\t\t\t\t\t\t\t\t\t\t\t<\/div>\n\t\t<\/div>\n\t\t\t\t\t\t\t\t<\/div>\n\t\t\t\t\t\t\t\t\t\t\t<div class=\"swiper-slide\" role=\"group\" aria-roledescription=\"slide\">\n\t\t\t\t\t\t\t\t\t<div class=\"elementor-testimonial\">\n\t\t\t\t\t\t\t<div class=\"elementor-testimonial__content\">\n\t\t\t\t\t<div class=\"elementor-testimonial__text\">\n\t\t\t\t\t\tDrogeriak\t\t\t\t\t<\/div>\n\t\t\t\t\t\t\t\t\t<\/div>\n\t\t\t\t\t\t<div class=\"elementor-testimonial__footer\">\n\t\t\t\t\t\t\t\t\t\t\t<\/div>\n\t\t<\/div>\n\t\t\t\t\t\t\t\t<\/div>\n\t\t\t\t\t\t\t\t\t\t\t<div class=\"swiper-slide\" role=\"group\" aria-roledescription=\"slide\">\n\t\t\t\t\t\t\t\t\t<div class=\"elementor-testimonial\">\n\t\t\t\t\t\t\t<div class=\"elementor-testimonial__content\">\n\t\t\t\t\t<div class=\"elementor-testimonial__text\">\n\t\t\t\t\t\tBurdindegia\t\t\t\t\t<\/div>\n\t\t\t\t\t\t\t\t\t<\/div>\n\t\t\t\t\t\t<div class=\"elementor-testimonial__footer\">\n\t\t\t\t\t\t\t\t\t\t\t<\/div>\n\t\t<\/div>\n\t\t\t\t\t\t\t\t<\/div>\n\t\t\t\t\t\t\t\t\t\t\t<div class=\"swiper-slide\" role=\"group\" aria-roledescription=\"slide\">\n\t\t\t\t\t\t\t\t\t<div class=\"elementor-testimonial\">\n\t\t\t\t\t\t\t<div class=\"elementor-testimonial__content\">\n\t\t\t\t\t<div class=\"elementor-testimonial__text\">\n\t\t\t\t\t\tPapergintza\t\t\t\t\t<\/div>\n\t\t\t\t\t\t\t\t\t<\/div>\n\t\t\t\t\t\t<div class=\"elementor-testimonial__footer\">\n\t\t\t\t\t\t\t\t\t\t\t<\/div>\n\t\t<\/div>\n\t\t\t\t\t\t\t\t<\/div>\n\t\t\t\t\t\t\t\t\t\t\t<div class=\"swiper-slide\" role=\"group\" aria-roledescription=\"slide\">\n\t\t\t\t\t\t\t\t\t<div class=\"elementor-testimonial\">\n\t\t\t\t\t\t\t<div class=\"elementor-testimonial__content\">\n\t\t\t\t\t<div class=\"elementor-testimonial__text\">\n\t\t\t\t\t\tJostailuak\t\t\t\t\t<\/div>\n\t\t\t\t\t\t\t\t\t<\/div>\n\t\t\t\t\t\t<div class=\"elementor-testimonial__footer\">\n\t\t\t\t\t\t\t\t\t\t\t<\/div>\n\t\t<\/div>\n\t\t\t\t\t\t\t\t<\/div>\n\t\t\t\t\t\t\t\t\t<\/div>\n\t\t\t\t\t\t\t\t\t\t\t\t\t\t\t\t\t\t\t\t\t<\/div>\n\t\t\t\t\t\t\t\t<\/div>\n\t\t\t\t\t<\/div>\n\t\t\t\t<\/div>\n\t\t<div class=\"elementor-element elementor-element-27c9dce e-flex e-con-boxed e-con e-parent\" data-id=\"27c9dce\" data-element_type=\"container\" data-e-type=\"container\" data-settings=\"{&quot;background_background&quot;:&quot;classic&quot;}\">\n\t\t\t\t\t<div class=\"e-con-inner\">\n\t\t\t\t<div class=\"elementor-element elementor-element-477b4a2 elementor-widget elementor-widget-heading\" data-id=\"477b4a2\" data-element_type=\"widget\" data-e-type=\"widget\" data-widget_type=\"heading.default\">\n\t\t\t\t\t<h2 class=\"elementor-heading-title elementor-size-default\">Aurkitu zuretzat dugun guztia.<\/h2>\t\t\t\t<\/div>\n\t\t\t\t<div class=\"elementor-element elementor-element-7e1f884 elementor-align-center elementor-widget elementor-widget-button\" data-id=\"7e1f884\" data-element_type=\"widget\" data-e-type=\"widget\" data-widget_type=\"button.default\">\n\t\t\t\t\t\t\t\t\t\t<a class=\"elementor-button elementor-button-link elementor-size-sm\" href=\"\/eu\/productos\/\">\n\t\t\t\t\t\t<span class=\"elementor-button-content-wrapper\">\n\t\t\t\t\t\t\t\t\t<span class=\"elementor-button-text\">Produktuak<\/span>\n\t\t\t\t\t<\/span>\n\t\t\t\t\t<\/a>\n\t\t\t\t\t\t\t\t<\/div>\n\t\t\t\t\t<\/div>\n\t\t\t\t<\/div>\n\t\t\t\t<\/div>","protected":false},"excerpt":{"rendered":"<p>Bazar Hong Guan \u00bfQui\u00e9nes somos? Hace 18 a\u00f1os abrimos nuestro bazar en Santurtzi con una meta clara: ser un lugar donde cada cliente se sintiera bienvenido y pudiera encontrar lo que necesitara. Desde entonces, hemos crecido paso a paso, aprendiendo de cada vecino, cada cliente y cada experiencia. Nos esforzamos por mantener un trato cercano, [&hellip;]<\/p>\n","protected":false},"author":1,"featured_media":0,"parent":0,"menu_order":0,"comment_status":"closed","ping_status":"closed","template":"elementor_canvas","meta":{"footnotes":""},"class_list":["post-2","page","type-page","status-publish","hentry"],"yoast_head":"<!-- This site is optimized with the Yoast SEO plugin v27.5 - https:\/\/yoast.com\/product\/yoast-seo-wordpress\/ -->\n<title>Inicio - Bazar Hong Guan<\/title>\n<meta name=\"robots\" content=\"index, follow, max-snippet:-1, max-image-preview:large, max-video-preview:-1\" \/>\n<link rel=\"canonical\" href=\"https:\/\/bazarhongguan.es\/eu\/\" \/>\n<meta property=\"og:locale\" content=\"en_US\" \/>\n<meta property=\"og:type\" content=\"article\" \/>\n<meta property=\"og:title\" content=\"Inicio - Bazar Hong Guan\" \/>\n<meta property=\"og:description\" content=\"Bazar Hong Guan \u00bfQui\u00e9nes somos? Hace 18 a\u00f1os abrimos nuestro bazar en Santurtzi con una meta clara: ser un lugar donde cada cliente se sintiera bienvenido y pudiera encontrar lo que necesitara. Desde entonces, hemos crecido paso a paso, aprendiendo de cada vecino, cada cliente y cada experiencia. Nos esforzamos por mantener un trato cercano, [&hellip;]\" \/>\n<meta property=\"og:url\" content=\"https:\/\/bazarhongguan.es\/eu\/\" \/>\n<meta property=\"og:site_name\" content=\"Bazar Hong Guan\" \/>\n<meta property=\"article:modified_time\" content=\"2026-01-15T15:42:30+00:00\" \/>\n<meta property=\"og:image\" content=\"https:\/\/bazarhongguan.es\/wp-content\/uploads\/2026\/01\/83936.jpg\" \/>\n\t<meta property=\"og:image:width\" content=\"2000\" \/>\n\t<meta property=\"og:image:height\" content=\"1331\" \/>\n\t<meta property=\"og:image:type\" content=\"image\/jpeg\" \/>\n<meta name=\"twitter:card\" content=\"summary_large_image\" \/>\n<meta name=\"twitter:label1\" content=\"Est. reading time\" \/>\n\t<meta name=\"twitter:data1\" content=\"1 minutua\" \/>\n<script type=\"application\/ld+json\" class=\"yoast-schema-graph\">{\"@context\":\"https:\\\/\\\/schema.org\",\"@graph\":[{\"@type\":\"WebPage\",\"@id\":\"https:\\\/\\\/bazarhongguan.es\\\/\",\"url\":\"https:\\\/\\\/bazarhongguan.es\\\/\",\"name\":\"Inicio - Bazar Hong Guan\",\"isPartOf\":{\"@id\":\"https:\\\/\\\/bazarhongguan.es\\\/#website\"},\"primaryImageOfPage\":{\"@id\":\"https:\\\/\\\/bazarhongguan.es\\\/#primaryimage\"},\"image\":{\"@id\":\"https:\\\/\\\/bazarhongguan.es\\\/#primaryimage\"},\"thumbnailUrl\":\"https:\\\/\\\/bazarhongguan.es\\\/wp-content\\\/uploads\\\/2026\\\/01\\\/83936.jpg\",\"datePublished\":\"2026-01-07T12:25:05+00:00\",\"dateModified\":\"2026-01-15T15:42:30+00:00\",\"breadcrumb\":{\"@id\":\"https:\\\/\\\/bazarhongguan.es\\\/#breadcrumb\"},\"inLanguage\":\"eu\",\"potentialAction\":[{\"@type\":\"ReadAction\",\"target\":[\"https:\\\/\\\/bazarhongguan.es\\\/\"]}]},{\"@type\":\"ImageObject\",\"inLanguage\":\"eu\",\"@id\":\"https:\\\/\\\/bazarhongguan.es\\\/#primaryimage\",\"url\":\"https:\\\/\\\/bazarhongguan.es\\\/wp-content\\\/uploads\\\/2026\\\/01\\\/83936.jpg\",\"contentUrl\":\"https:\\\/\\\/bazarhongguan.es\\\/wp-content\\\/uploads\\\/2026\\\/01\\\/83936.jpg\"},{\"@type\":\"BreadcrumbList\",\"@id\":\"https:\\\/\\\/bazarhongguan.es\\\/#breadcrumb\",\"itemListElement\":[{\"@type\":\"ListItem\",\"position\":1,\"name\":\"Portada\",\"item\":\"https:\\\/\\\/bazarhongguan.es\\\/\"},{\"@type\":\"ListItem\",\"position\":2,\"name\":\"Inicio\"}]},{\"@type\":\"WebSite\",\"@id\":\"https:\\\/\\\/bazarhongguan.es\\\/#website\",\"url\":\"https:\\\/\\\/bazarhongguan.es\\\/\",\"name\":\"Bazar Hong Guan\",\"description\":\"Art\u00edculos de complementos de moda, electr\u00f3nicos, menajes, droguer\u00edas, ferreter\u00eda, papeler\u00eda , juguetes...\",\"publisher\":{\"@id\":\"https:\\\/\\\/bazarhongguan.es\\\/#organization\"},\"potentialAction\":[{\"@type\":\"SearchAction\",\"target\":{\"@type\":\"EntryPoint\",\"urlTemplate\":\"https:\\\/\\\/bazarhongguan.es\\\/?s={search_term_string}\"},\"query-input\":{\"@type\":\"PropertyValueSpecification\",\"valueRequired\":true,\"valueName\":\"search_term_string\"}}],\"inLanguage\":\"eu\"},{\"@type\":\"Organization\",\"@id\":\"https:\\\/\\\/bazarhongguan.es\\\/#organization\",\"name\":\"Bazar Hong Guan\",\"url\":\"https:\\\/\\\/bazarhongguan.es\\\/\",\"logo\":{\"@type\":\"ImageObject\",\"inLanguage\":\"eu\",\"@id\":\"https:\\\/\\\/bazarhongguan.es\\\/#\\\/schema\\\/logo\\\/image\\\/\",\"url\":\"https:\\\/\\\/bazarhongguan.es\\\/wp-content\\\/uploads\\\/2026\\\/01\\\/cropped-cropped-1.png\",\"contentUrl\":\"https:\\\/\\\/bazarhongguan.es\\\/wp-content\\\/uploads\\\/2026\\\/01\\\/cropped-cropped-1.png\",\"width\":500,\"height\":287,\"caption\":\"Bazar Hong Guan\"},\"image\":{\"@id\":\"https:\\\/\\\/bazarhongguan.es\\\/#\\\/schema\\\/logo\\\/image\\\/\"}}]}<\/script>\n<!-- \/ Yoast SEO plugin. -->","yoast_head_json":{"title":"Inicio - Bazar Hong Guan","robots":{"index":"index","follow":"follow","max-snippet":"max-snippet:-1","max-image-preview":"max-image-preview:large","max-video-preview":"max-video-preview:-1"},"canonical":"https:\/\/bazarhongguan.es\/eu\/","og_locale":"en_US","og_type":"article","og_title":"Inicio - Bazar Hong Guan","og_description":"Bazar Hong Guan \u00bfQui\u00e9nes somos? Hace 18 a\u00f1os abrimos nuestro bazar en Santurtzi con una meta clara: ser un lugar donde cada cliente se sintiera bienvenido y pudiera encontrar lo que necesitara. Desde entonces, hemos crecido paso a paso, aprendiendo de cada vecino, cada cliente y cada experiencia. Nos esforzamos por mantener un trato cercano, [&hellip;]","og_url":"https:\/\/bazarhongguan.es\/eu\/","og_site_name":"Bazar Hong Guan","article_modified_time":"2026-01-15T15:42:30+00:00","og_image":[{"width":2000,"height":1331,"url":"https:\/\/bazarhongguan.es\/wp-content\/uploads\/2026\/01\/83936.jpg","type":"image\/jpeg"}],"twitter_card":"summary_large_image","twitter_misc":{"Est. reading time":"1 minutua"},"schema":{"@context":"https:\/\/schema.org","@graph":[{"@type":"WebPage","@id":"https:\/\/bazarhongguan.es\/","url":"https:\/\/bazarhongguan.es\/","name":"Inicio - Bazar Hong Guan","isPartOf":{"@id":"https:\/\/bazarhongguan.es\/#website"},"primaryImageOfPage":{"@id":"https:\/\/bazarhongguan.es\/#primaryimage"},"image":{"@id":"https:\/\/bazarhongguan.es\/#primaryimage"},"thumbnailUrl":"https:\/\/bazarhongguan.es\/wp-content\/uploads\/2026\/01\/83936.jpg","datePublished":"2026-01-07T12:25:05+00:00","dateModified":"2026-01-15T15:42:30+00:00","breadcrumb":{"@id":"https:\/\/bazarhongguan.es\/#breadcrumb"},"inLanguage":"eu","potentialAction":[{"@type":"ReadAction","target":["https:\/\/bazarhongguan.es\/"]}]},{"@type":"ImageObject","inLanguage":"eu","@id":"https:\/\/bazarhongguan.es\/#primaryimage","url":"https:\/\/bazarhongguan.es\/wp-content\/uploads\/2026\/01\/83936.jpg","contentUrl":"https:\/\/bazarhongguan.es\/wp-content\/uploads\/2026\/01\/83936.jpg"},{"@type":"BreadcrumbList","@id":"https:\/\/bazarhongguan.es\/#breadcrumb","itemListElement":[{"@type":"ListItem","position":1,"name":"Portada","item":"https:\/\/bazarhongguan.es\/"},{"@type":"ListItem","position":2,"name":"Inicio"}]},{"@type":"WebSite","@id":"https:\/\/bazarhongguan.es\/#website","url":"https:\/\/bazarhongguan.es\/","name":"Bazar Hong Guan","description":"Art\u00edculos de complementos de moda, electr\u00f3nicos, menajes, droguer\u00edas, ferreter\u00eda, papeler\u00eda , juguetes...","publisher":{"@id":"https:\/\/bazarhongguan.es\/#organization"},"potentialAction":[{"@type":"SearchAction","target":{"@type":"EntryPoint","urlTemplate":"https:\/\/bazarhongguan.es\/?s={search_term_string}"},"query-input":{"@type":"PropertyValueSpecification","valueRequired":true,"valueName":"search_term_string"}}],"inLanguage":"eu"},{"@type":"Organization","@id":"https:\/\/bazarhongguan.es\/#organization","name":"Bazar Hong Guan","url":"https:\/\/bazarhongguan.es\/","logo":{"@type":"ImageObject","inLanguage":"eu","@id":"https:\/\/bazarhongguan.es\/#\/schema\/logo\/image\/","url":"https:\/\/bazarhongguan.es\/wp-content\/uploads\/2026\/01\/cropped-cropped-1.png","contentUrl":"https:\/\/bazarhongguan.es\/wp-content\/uploads\/2026\/01\/cropped-cropped-1.png","width":500,"height":287,"caption":"Bazar Hong Guan"},"image":{"@id":"https:\/\/bazarhongguan.es\/#\/schema\/logo\/image\/"}}]}},"_links":{"self":[{"href":"https:\/\/bazarhongguan.es\/eu\/wp-json\/wp\/v2\/pages\/2","targetHints":{"allow":["GET"]}}],"collection":[{"href":"https:\/\/bazarhongguan.es\/eu\/wp-json\/wp\/v2\/pages"}],"about":[{"href":"https:\/\/bazarhongguan.es\/eu\/wp-json\/wp\/v2\/types\/page"}],"author":[{"embeddable":true,"href":"https:\/\/bazarhongguan.es\/eu\/wp-json\/wp\/v2\/users\/1"}],"replies":[{"embeddable":true,"href":"https:\/\/bazarhongguan.es\/eu\/wp-json\/wp\/v2\/comments?post=2"}],"version-history":[{"count":28,"href":"https:\/\/bazarhongguan.es\/eu\/wp-json\/wp\/v2\/pages\/2\/revisions"}],"predecessor-version":[{"id":279,"href":"https:\/\/bazarhongguan.es\/eu\/wp-json\/wp\/v2\/pages\/2\/revisions\/279"}],"wp:attachment":[{"href":"https:\/\/bazarhongguan.es\/eu\/wp-json\/wp\/v2\/media?parent=2"}],"curies":[{"name":"wp","href":"https:\/\/api.w.org\/{rel}","templated":true}]}}